{"id":695,"date":"2021-06-22T11:04:06","date_gmt":"2021-06-22T11:04:06","guid":{"rendered":"https:\/\/www.aevea.es\/anuario-2021\/?page_id=695"},"modified":"2021-06-28T09:02:35","modified_gmt":"2021-06-28T09:02:35","slug":"articulo-daniel-martinez","status":"publish","type":"page","link":"https:\/\/www.aevea.es\/anuario-2021\/articulo-daniel-martinez\/","title":{"rendered":"ART\u00cdCULO Daniel Mart\u00ednez"},"content":{"rendered":"<div  class=\"tatsu-Sy-vaCE8iu tatsu-section  tatsu-bg-overlay   tatsu-clearfix\" data-title=\"\"  data-headerscheme=\"background--dark\"><div class='tatsu-section-pad clearfix' data-padding='{\"d\":\"7px 0px 30px 0px\"}' data-padding-top='7px'><div class=\"tatsu-row-wrap  tatsu-wrap tatsu-row-has-two-cols tatsu-medium-gutter tatsu-reg-cols  tatsu-clearfix tatsu-HkeDAkrIou\" ><style>.tatsu-HkeDAkrIou.tatsu-row-wrap > .tatsu-row{padding: 30px 0px 30px 0px;background-color: rgba(255,255,255,1);}<\/style><div  class=\"tatsu-row \" ><div  class=\"tatsu-column  tatsu-bg-overlay tatsu-three-fourth tatsu-column-image-none tatsu-column-effect-none  tatsu-Byt0yBIsd\"  data-parallax-speed=\"0\" style=\"\"><div class=\"tatsu-column-inner \" ><div class=\"tatsu-column-pad-wrap\"><div class=\"tatsu-column-pad\" ><div  class=\"tatsu-single-image tatsu-module tatsu-image-lazyload tatsu-SyYBve0ou  \" ><div class=\"tatsu-single-image-inner \" style=\"width : 1180px;\" ><div class = \"tatsu-single-image-padding-wrap\" style = \"padding-bottom : 56.186440677966%;\" ><\/div><img class = \"tatsu-gradient-border\" alt = \"\" title = \"daniiiiel\" data-src = \"https:\/\/www.aevea.es\/anuario-2021\/wp-content\/uploads\/2021\/06\/daniiiiel-1.jpg\" src =\"data:image\/png;base64,iVBORw0KGgoAAAANSUhEUgAAAAEAAAABCAQAAAC1HAwCAAAAC0lEQVR42mNkYAAAAAYAAjCB0C8AAAAASUVORK5CYII=\"  \/><\/div><style>.tatsu-SyYBve0ou .tatsu-single-image-inner{border-style: solid;max-width: 100%;}.tatsu-SyYBve0ou.tatsu-single-image{transform: translate3d(0px,0px, 0);}<\/style><\/div><div  class=\"tatsu-empty-space  tatsu-SJ7Sxw0sO  \" ><style>.tatsu-SJ7Sxw0sO.tatsu-empty-space{height: 30px;}<\/style><\/div><div  class=\"tatsu-module tatsu-text-block-wrap tatsu-rJZdlb5jd  \"><div class=\"tatsu-text-inner tatsu-align-center  clearfix\" ><style>.tatsu-rJZdlb5jd.tatsu-text-block-wrap .tatsu-text-inner{width: 100%;text-align: left;padding: 0px 0px 30px 0px;}.tatsu-rJZdlb5jd.tatsu-text-block-wrap{margin: 0px 0px 0px 0px;}<\/style>\n<h4><span style=\"color: #d71f53;\">Gij\u00f3n\/Xix\u00f3n es una ciudad a escala humana que, sin embargo, piensa en grande<\/span><\/h4>\n<p>Gij\u00f3n\/Xix\u00f3n es un destino \u00fanico para reuniones y eventos. Quien nos escoge se va a encontrar con 270 000 personas dispuestas a hacer su evento un \u00e9xito. Los gijoneses y gijonesas tienen un gran sentido de la hospitalidad, acogen al visitante y lo integran en la vida de la ciudad. Gij\u00f3n\/Xix\u00f3n es una ciudad a escala humana que, sin embargo, piensa en grande y se adapta a la medida del evento que acoge, sea peque\u00f1o o grande. Cuenta con soluciones y una oferta de instalaciones y servicios dignos de una metr\u00f3poli, una relaci\u00f3n calidad\/precio insuperable y unos profesionales que se implican. Adem\u00e1s, es la puerta del para\u00edso natural que es Asturias.<\/p>\n<p>Hemos pasado un a\u00f1o muy dif\u00edcil. Pero ahora ya tenemos que volver a mirar hacia adelante y trabajar para reactivar el sector MICE. Nosotros, en Gij\u00f3n\/Xix\u00f3n, ya hemos retomado la relaci\u00f3n estrat\u00e9gica con dos de los motores que han hecho de Gij\u00f3n\/Xix\u00f3n un destino MICE: el \u00e1mbito sanitario y el cient\u00edfico-tecnol\u00f3gico. Hemos apoyado e incentivado a los promotores locales del segmento asociativo para que recuperen la tensi\u00f3n en la presentaci\u00f3n de candidaturas. En el segmento corporativo, hemos ampliado e intensificado nuestras acciones comerciales con los operadores profesionales especializados, ofreci\u00e9ndoles ventajas a la hora de elegirnos como destino.<\/p>\n<p>Nuestro fuerte son los eventos asociativos, los congresos. La existencia en la ciudad de la Milla del Conocimiento, en la que se articulan el Parque Cient\u00edfico y Tecnol\u00f3gico, el campus universitario, el hospital y centros de investigaci\u00f3n y desarrollo, ha hecho que nos especializ\u00e1ramos en reuniones que tienen que ver con la ciencia, la tecnolog\u00eda y la innovaci\u00f3n. Eso no es \u00f3bice para que acojamos tambi\u00e9n eventos corporativos, incluida la presentaci\u00f3n y lanzamiento de algunos productos de alto impacto tecnol\u00f3gico, como las presentaciones mundiales que han hecho thyssenkrupp Elevator Innovation Centre o la Fundaci\u00f3n Idonial.<\/p>\n<p>En el segmento asociativo, ayudamos a nuestros clientes a seguir adelante con sus reuniones. En estrecha coordinaci\u00f3n con las sedes de la ciudad, reajustamos calendarios y fechas para aquellas reuniones que se han pospuesto o ayudamos a transformar las reuniones en eventos h\u00edbridos. En el caso del segmento corporativo, clientes, agencias de eventos, DMC\u2019s y agencias especializadas en MICE est\u00e1n redescubriendo Espa\u00f1a como un destino con m\u00faltiples oportunidades y una gran oferta.<\/p>\n<p>Por ello, hemos intensificado nuestra relaci\u00f3n con las distintas asociaciones de la industria nacional e internacional: Spain DMC\u2019s, AEVEA, I\u2019M+\u2026 Es un momento para apoyar a los intermediarios especializados, a los profesionales de la industria y para que ellos conozcan m\u00e1s a fondo nuestro destino y sus posibilidades.<\/p>\n<p>Porque en Gij\u00f3n\/xix\u00f3n tenemos mucho que ofrecer para quien busca sus espacios para eventos.<\/p>\n<p>Laboral, Ciudad de la Cultura es, sin duda, el m\u00e1s espectacular de todos. Se trata de un espacio singular \u00fanico en Espa\u00f1a que ofrece m\u00faltiples espacios, grandes y peque\u00f1os, como la capilla, con la c\u00fapula el\u00edptica m\u00e1s grande de Europa, o la sorprendente sala de los relojes. Otros espacios, que permiten incluso actividades de <em>networking<\/em>, son los \u2018llagares\u2019, que, adem\u00e1s, enlazan con la tradici\u00f3n y la autenticidad. Tampoco podemos olvidar el Acuario o el Museo de Pueblo de Asturias, una autentica aldea en el coraz\u00f3n de la ciudad que facilita la organizaci\u00f3n de eventos al aire libre vinculados a la historia, el paisaje y la tradici\u00f3n.<\/p>\n<p>Pero lo mejor es vivirlo de primera mano. Os invitamos desde este foro a descubrir nuestra ciudad y seguro que se le abre un mont\u00f3n de posibilidades para acoger su evento.<\/p>\n<p>Convention Bureau: Gij\u00f3n\/Xix\u00f3n.<\/p>\n<\/div><\/div><\/div><\/div><div class = \"tatsu-column-bg-image-wrap\"><div class = \"tatsu-column-bg-image\" ><\/div><\/div><div class=\"tatsu-overlay tatsu-column-overlay tatsu-animate-none\" ><\/div><\/div><style>.tatsu-row > .tatsu-Byt0yBIsd.tatsu-column{width: 60%;}.tatsu-Byt0yBIsd.tatsu-column > .tatsu-column-inner > .tatsu-column-overlay{mix-blend-mode: normal;}.tatsu-Byt0yBIsd > .tatsu-column-inner > .tatsu-top-divider{z-index: 9999;}.tatsu-Byt0yBIsd > .tatsu-column-inner > .tatsu-bottom-divider{z-index: 9999;}.tatsu-Byt0yBIsd > .tatsu-column-inner > .tatsu-left-divider{z-index: 9999;}.tatsu-Byt0yBIsd > .tatsu-column-inner > .tatsu-right-divider{z-index: 9999;}@media only screen and (max-width:1377px) {.tatsu-row > .tatsu-Byt0yBIsd.tatsu-column{width: 60%;}}@media only screen and (min-width:768px) and (max-width: 1024px) {.tatsu-row > .tatsu-Byt0yBIsd.tatsu-column{width: 75%;}}@media only screen and (max-width: 767px) {.tatsu-row > .tatsu-Byt0yBIsd.tatsu-column{width: 100%;}}<\/style><\/div><div  class=\"tatsu-column  tatsu-bg-overlay tatsu-one-fourth tatsu-column-image-none tatsu-column-effect-none  tatsu-SJgFR1BIid\"  data-parallax-speed=\"0\" style=\"\"><div class=\"tatsu-column-inner \" ><div class=\"tatsu-column-pad-wrap\"><div class=\"tatsu-column-pad\" ><div  class=\"tatsu-module tatsu-video tatsu-youtube-wrap tatsu-S1UPomCjd   \" ><div class = \"be-video-embed be-embed-placeholder\"><div class = \"be-youtube-embed\" data-video-id = \"xy4UKY8cGm4\" data-autoplay = \"1\" data-loop = \"1\"><\/div><\/div><\/div><div  class=\"tatsu-single-image tatsu-module align-center tatsu-image-lazyload tatsu-rJ8xeb9ju  \" ><div class=\"tatsu-single-image-inner \" style=\"width : 770px;\" ><div class = \"tatsu-single-image-padding-wrap\" style = \"padding-bottom : 192.46753246753%;\" ><\/div><a href = \"https:\/\/www.gijon.es\/es\/congresos\" target = \"_blank\" ><img class = \"tatsu-gradient-border\" alt = \"\" title = \"gijon conganasdeti 770&#215;1482\" data-src = \"https:\/\/www.aevea.es\/anuario-2021\/wp-content\/uploads\/2021\/06\/gijon-conganasdeti-770x1482-1.jpg\" src =\"data:image\/png;base64,iVBORw0KGgoAAAANSUhEUgAAAAEAAAABCAQAAAC1HAwCAAAAC0lEQVR42mNkYAAAAAYAAjCB0C8AAAAASUVORK5CYII=\"  \/><\/a><\/div><style>.tatsu-rJ8xeb9ju .tatsu-single-image-inner{border-style: solid;max-width: 80%;}.tatsu-rJ8xeb9ju.tatsu-single-image{transform: translate3d(0px,0px, 0);}<\/style><\/div><div  class=\"tatsu-empty-space  tatsu-ByCGhmRju  \" ><style>.tatsu-ByCGhmRju.tatsu-empty-space{height: 30px;}<\/style><\/div><\/div><\/div><div class = \"tatsu-column-bg-image-wrap\"><div class = \"tatsu-column-bg-image\" ><\/div><\/div><div class=\"tatsu-overlay tatsu-column-overlay tatsu-animate-none\" ><\/div><\/div><style>.tatsu-row > .tatsu-SJgFR1BIid.tatsu-column{width: 40%;}.tatsu-SJgFR1BIid.tatsu-column > .tatsu-column-inner > .tatsu-column-overlay{mix-blend-mode: normal;}.tatsu-SJgFR1BIid > .tatsu-column-inner > .tatsu-top-divider{z-index: 9999;}.tatsu-SJgFR1BIid > .tatsu-column-inner > .tatsu-bottom-divider{z-index: 9999;}.tatsu-SJgFR1BIid > .tatsu-column-inner > .tatsu-left-divider{z-index: 9999;}.tatsu-SJgFR1BIid > .tatsu-column-inner > .tatsu-right-divider{z-index: 9999;}@media only screen and (max-width:1377px) {.tatsu-row > .tatsu-SJgFR1BIid.tatsu-column{width: 40%;}}@media only screen and (min-width:768px) and (max-width: 1024px) {.tatsu-row > .tatsu-SJgFR1BIid.tatsu-column{width: 25%;}}@media only screen and (max-width: 767px) {.tatsu-row > .tatsu-SJgFR1BIid.tatsu-column{width: 100%;}}<\/style><\/div><\/div><\/div><\/div><div class=\"tatsu-section-background-wrap\"><div class = \"tatsu-section-background\" ><\/div><\/div><div class=\"tatsu-overlay tatsu-section-overlay\"><\/div><div class = \"tatsu-shape-divider tatsu-bottom-divider\"><svg preserveAspectRatio = \"none\" xmlns=\"http:\/\/www.w3.org\/2000\/svg\" width=\"1920\" height=\"217\" viewBox=\"0 0 1920 217\">\r\n  <g fill-rule=\"evenodd\" transform=\"matrix(-1 0 0 1 1920 0)\">\r\n    <path d=\"M0,57.46875 C203.364583,135.217754 494.835938,156.564108 874.414062,121.507813 C1192.61198,-13.9827666 1541.14063,-35.3291208 1920,57.46875 L1920,207 L0,207 L0,57.46875 Z\" opacity=\".3\"\/>\r\n    <path d=\"M0,79 C292.46875,165.453125 612.46875,165.453125 960,79 C1307.53125,-7.453125 1627.53125,-7.453125 1920,79 L1920,207 L0,207 L0,79 Z\" opacity=\".6\"\/>\r\n    <path d=\"M0,89 C288.713542,146.786458 608.713542,146.786458 960,89 C1311.28646,31.2135417 1631.28646,31.2135417 1920,89 L1920,217 L0,217 L0,89 Z\"\/>\r\n  <\/g>\r\n<\/svg>\r\n<\/div><style>.tatsu-Sy-vaCE8iu .tatsu-section-pad{padding: 7px 0px 30px 0px;}.tatsu-Sy-vaCE8iu .tatsu-section-offset-wrap{transform: translateY(-0px);}.tatsu-Sy-vaCE8iu > .tatsu-bottom-divider{height: 100px;color: #ffffff ;z-index: 9999;}.tatsu-Sy-vaCE8iu > .tatsu-top-divider{z-index: 9999;}.tatsu-Sy-vaCE8iu .tatsu-section-overlay{mix-blend-mode: normal;}<\/style><\/div>\n","protected":false},"excerpt":{"rendered":"<p><a href=\"https:\/\/www.aevea.es\/anuario-2021\/articulo-daniel-martinez\/\" class=\"more-link style1-button\">Read More<\/a><\/p>","protected":false},"author":2,"featured_media":0,"parent":0,"menu_order":0,"comment_status":"closed","ping_status":"closed","template":"","meta":{"footnotes":""},"class_list":["post-695","page","type-page","status-publish","hentry"],"_links":{"self":[{"href":"https:\/\/www.aevea.es\/anuario-2021\/wp-json\/wp\/v2\/pages\/695","targetHints":{"allow":["GET"]}}],"collection":[{"href":"https:\/\/www.aevea.es\/anuario-2021\/wp-json\/wp\/v2\/pages"}],"about":[{"href":"https:\/\/www.aevea.es\/anuario-2021\/wp-json\/wp\/v2\/types\/page"}],"author":[{"embeddable":true,"href":"https:\/\/www.aevea.es\/anuario-2021\/wp-json\/wp\/v2\/users\/2"}],"replies":[{"embeddable":true,"href":"https:\/\/www.aevea.es\/anuario-2021\/wp-json\/wp\/v2\/comments?post=695"}],"version-history":[{"count":6,"href":"https:\/\/www.aevea.es\/anuario-2021\/wp-json\/wp\/v2\/pages\/695\/revisions"}],"predecessor-version":[{"id":872,"href":"https:\/\/www.aevea.es\/anuario-2021\/wp-json\/wp\/v2\/pages\/695\/revisions\/872"}],"wp:attachment":[{"href":"https:\/\/www.aevea.es\/anuario-2021\/wp-json\/wp\/v2\/media?parent=695"}],"curies":[{"name":"wp","href":"https:\/\/api.w.org\/{rel}","templated":true}]}}