{"id":772,"date":"2021-06-23T09:05:00","date_gmt":"2021-06-23T09:05:00","guid":{"rendered":"https:\/\/www.aevea.es\/anuario-2021\/?page_id=772"},"modified":"2021-06-29T15:41:43","modified_gmt":"2021-06-29T15:41:43","slug":"estrella-diaz","status":"publish","type":"page","link":"https:\/\/www.aevea.es\/anuario-2021\/estrella-diaz\/","title":{"rendered":"ART\u00cdCULO Estrella D\u00edaz"},"content":{"rendered":"<div  class=\"tatsu-Sy-vaCE8iu tatsu-section  tatsu-bg-overlay   tatsu-clearfix\" data-title=\"\"  data-headerscheme=\"background--dark\"><div class='tatsu-section-pad clearfix' data-padding='{\"d\":\"7px 0px 30px 0px\"}' data-padding-top='7px'><div class=\"tatsu-row-wrap  tatsu-wrap tatsu-row-has-two-cols tatsu-medium-gutter tatsu-reg-cols  tatsu-clearfix tatsu-HkeDAkrIou\" ><style>.tatsu-HkeDAkrIou.tatsu-row-wrap > .tatsu-row{padding: 30px 0px 30px 0px;background-color: rgba(255,255,255,1);}<\/style><div  class=\"tatsu-row \" ><div  class=\"tatsu-column  tatsu-bg-overlay tatsu-three-fourth tatsu-column-image-none tatsu-column-effect-none  tatsu-Byt0yBIsd\"  data-parallax-speed=\"0\" style=\"\"><div class=\"tatsu-column-inner \" ><div class=\"tatsu-column-pad-wrap\"><div class=\"tatsu-column-pad\" ><div  class=\"tatsu-single-image tatsu-module tatsu-image-lazyload tatsu-SyYBve0ou  \" ><div class=\"tatsu-single-image-inner \" style=\"width : 1180px;\" ><div class = \"tatsu-single-image-padding-wrap\" style = \"padding-bottom : 56.186440677966%;\" ><\/div><img class = \"tatsu-gradient-border\" alt = \"\" title = \"master-estrella\" data-src = \"https:\/\/www.aevea.es\/anuario-2021\/wp-content\/uploads\/2021\/06\/master-estrella.jpg\" src =\"data:image\/png;base64,iVBORw0KGgoAAAANSUhEUgAAAAEAAAABCAQAAAC1HAwCAAAAC0lEQVR42mNkYAAAAAYAAjCB0C8AAAAASUVORK5CYII=\"  \/><\/div><style>.tatsu-SyYBve0ou .tatsu-single-image-inner{border-style: solid;max-width: 100%;}.tatsu-SyYBve0ou.tatsu-single-image{transform: translate3d(0px,0px, 0);}<\/style><\/div><div  class=\"tatsu-empty-space  tatsu-SJ7Sxw0sO  \" ><style>.tatsu-SJ7Sxw0sO.tatsu-empty-space{height: 30px;}<\/style><\/div><div  class=\"tatsu-module tatsu-text-block-wrap tatsu-rJZdlb5jd  \"><div class=\"tatsu-text-inner tatsu-align-center  clearfix\" ><style>.tatsu-rJZdlb5jd.tatsu-text-block-wrap .tatsu-text-inner{width: 100%;text-align: left;padding: 0px 0px 30px 0px;}.tatsu-rJZdlb5jd.tatsu-text-block-wrap{margin: 0px 0px 0px 0px;}<\/style>\n<h4><span style=\"color: #d71f53;\">SOMOS TODO, SOMOS UNO<\/span><\/h4>\n<p>\u201cConcordia res parvae crescunt\u201d (las cosas peque\u00f1as florecen en la concordia). De esta frase en lat\u00edn deriva el c\u00e9lebre lema \u201cLa uni\u00f3n hace la fuerza\u201d, emblema que, sin duda, define a la perfecci\u00f3n lo que representamos como asociaci\u00f3n nacional de agencias de eventos. Como pioneros de la industria y fundadores del asociacionismo de nuestro sector, desde Staff Eventos sabemos que esa concordia entre profesionales competidores nos ayud\u00f3 a crecer de manera sostenida. AEVEA comienza como un acto de generosidad innata, contando con la colaboraci\u00f3n natural de quienes amamos lo que hacemos. Con compromiso, entusiasmo y solidaridad, la misma que nos ha permitido afrontar y superar cualquier desaf\u00edo en la historia de la organizaci\u00f3n de eventos de nuestro pa\u00eds, compartiendo inquietudes y necesidades, sumando sinergias para seguir defendiendo los intereses de un sector clave para el desarrollo de la sociedad. AEVEA es el mecanismo fundamental que explica, defiende y visibiliza nuestra actividad. Esa manera natural de crear procedimientos y procesos de cultura y salud de nuestra industria, los mismos que aportan el bienestar a todos los que confluimos en ella. Y esta colaboraci\u00f3n natural nace del orgullo de pertenencia que nos une, de esa pasi\u00f3n innata por seguir viviendo de lo que amamos. AEVEA somos todo y somos uno. Sumando y remando siempre en una misma direcci\u00f3n; para hacernos escuchar, y valer; para asegurar nuestra participaci\u00f3n y que \u00e9sta contribuya en la buena salud del sector, con la profesionalizaci\u00f3n de quienes se desarrollan en \u00e9l, obteniendo as\u00ed la construcci\u00f3n constante y el reconocimiento como industria.<\/p>\n<\/div><\/div><\/div><\/div><div class = \"tatsu-column-bg-image-wrap\"><div class = \"tatsu-column-bg-image\" ><\/div><\/div><div class=\"tatsu-overlay tatsu-column-overlay tatsu-animate-none\" ><\/div><\/div><style>.tatsu-row > .tatsu-Byt0yBIsd.tatsu-column{width: 60%;}.tatsu-Byt0yBIsd.tatsu-column > .tatsu-column-inner > .tatsu-column-overlay{mix-blend-mode: normal;}.tatsu-Byt0yBIsd > .tatsu-column-inner > .tatsu-top-divider{z-index: 9999;}.tatsu-Byt0yBIsd > .tatsu-column-inner > .tatsu-bottom-divider{z-index: 9999;}.tatsu-Byt0yBIsd > .tatsu-column-inner > .tatsu-left-divider{z-index: 9999;}.tatsu-Byt0yBIsd > .tatsu-column-inner > .tatsu-right-divider{z-index: 9999;}@media only screen and (max-width:1377px) {.tatsu-row > .tatsu-Byt0yBIsd.tatsu-column{width: 60%;}}@media only screen and (min-width:768px) and (max-width: 1024px) {.tatsu-row > .tatsu-Byt0yBIsd.tatsu-column{width: 75%;}}@media only screen and (max-width: 767px) {.tatsu-row > .tatsu-Byt0yBIsd.tatsu-column{width: 100%;}}<\/style><\/div><div  class=\"tatsu-column  tatsu-bg-overlay tatsu-one-fourth tatsu-column-image-none tatsu-column-effect-none  tatsu-SJgFR1BIid\"  data-parallax-speed=\"0\" style=\"\"><div class=\"tatsu-column-inner \" ><div class=\"tatsu-column-pad-wrap\"><div class=\"tatsu-column-pad\" ><div  class=\"tatsu-module tatsu-video tatsu-youtube-wrap tatsu-S1UPomCjd   \" ><div class = \"be-video-embed be-embed-placeholder\"><div class = \"be-youtube-embed\" data-video-id = \"D-7OXJwf8ck\" data-autoplay = \"1\" data-loop = \"1\"><\/div><\/div><\/div><div  class=\"tatsu-single-image tatsu-module align-center tatsu-image-lazyload tatsu-rJ8xeb9ju  \" ><div class=\"tatsu-single-image-inner \" style=\"width : 770px;\" ><div class = \"tatsu-single-image-padding-wrap\" style = \"padding-bottom : 192.46753246753%;\" ><\/div><a href = \"https:\/\/www.tufabricadeventos.com\/inicio\/landing-eventos-virtuales-banner\" target = \"_blank\" ><img class = \"tatsu-gradient-border\" alt = \"\" title = \"AEVEA_TFE\" data-src = \"https:\/\/www.aevea.es\/anuario-2021\/wp-content\/uploads\/2021\/06\/AEVEA_TFE.gif\" src =\"data:image\/png;base64,iVBORw0KGgoAAAANSUhEUgAAAAEAAAABCAQAAAC1HAwCAAAAC0lEQVR42mNkYAAAAAYAAjCB0C8AAAAASUVORK5CYII=\"  \/><\/a><\/div><style>.tatsu-rJ8xeb9ju .tatsu-single-image-inner{border-style: solid;max-width: 80%;}.tatsu-rJ8xeb9ju.tatsu-single-image{transform: translate3d(0px,0px, 0);}<\/style><\/div><div  class=\"tatsu-empty-space  tatsu-ByCGhmRju  \" ><style>.tatsu-ByCGhmRju.tatsu-empty-space{height: 30px;}<\/style><\/div><\/div><\/div><div class = \"tatsu-column-bg-image-wrap\"><div class = \"tatsu-column-bg-image\" ><\/div><\/div><div class=\"tatsu-overlay tatsu-column-overlay tatsu-animate-none\" ><\/div><\/div><style>.tatsu-row > .tatsu-SJgFR1BIid.tatsu-column{width: 40%;}.tatsu-SJgFR1BIid.tatsu-column > .tatsu-column-inner > .tatsu-column-overlay{mix-blend-mode: normal;}.tatsu-SJgFR1BIid > .tatsu-column-inner > .tatsu-top-divider{z-index: 9999;}.tatsu-SJgFR1BIid > .tatsu-column-inner > .tatsu-bottom-divider{z-index: 9999;}.tatsu-SJgFR1BIid > .tatsu-column-inner > .tatsu-left-divider{z-index: 9999;}.tatsu-SJgFR1BIid > .tatsu-column-inner > .tatsu-right-divider{z-index: 9999;}@media only screen and (max-width:1377px) {.tatsu-row > .tatsu-SJgFR1BIid.tatsu-column{width: 40%;}}@media only screen and (min-width:768px) and (max-width: 1024px) {.tatsu-row > .tatsu-SJgFR1BIid.tatsu-column{width: 25%;}}@media only screen and (max-width: 767px) {.tatsu-row > .tatsu-SJgFR1BIid.tatsu-column{width: 100%;}}<\/style><\/div><\/div><\/div><\/div><div class=\"tatsu-section-background-wrap\"><div class = \"tatsu-section-background\" ><\/div><\/div><div class=\"tatsu-overlay tatsu-section-overlay\"><\/div><div class = \"tatsu-shape-divider tatsu-bottom-divider\"><svg preserveAspectRatio = \"none\" xmlns=\"http:\/\/www.w3.org\/2000\/svg\" width=\"1920\" height=\"217\" viewBox=\"0 0 1920 217\">\r\n  <g fill-rule=\"evenodd\" transform=\"matrix(-1 0 0 1 1920 0)\">\r\n    <path d=\"M0,57.46875 C203.364583,135.217754 494.835938,156.564108 874.414062,121.507813 C1192.61198,-13.9827666 1541.14063,-35.3291208 1920,57.46875 L1920,207 L0,207 L0,57.46875 Z\" opacity=\".3\"\/>\r\n    <path d=\"M0,79 C292.46875,165.453125 612.46875,165.453125 960,79 C1307.53125,-7.453125 1627.53125,-7.453125 1920,79 L1920,207 L0,207 L0,79 Z\" opacity=\".6\"\/>\r\n    <path d=\"M0,89 C288.713542,146.786458 608.713542,146.786458 960,89 C1311.28646,31.2135417 1631.28646,31.2135417 1920,89 L1920,217 L0,217 L0,89 Z\"\/>\r\n  <\/g>\r\n<\/svg>\r\n<\/div><style>.tatsu-Sy-vaCE8iu .tatsu-section-pad{padding: 7px 0px 30px 0px;}.tatsu-Sy-vaCE8iu .tatsu-section-offset-wrap{transform: translateY(-0px);}.tatsu-Sy-vaCE8iu > .tatsu-bottom-divider{height: 100px;color: #ffffff ;z-index: 9999;}.tatsu-Sy-vaCE8iu > .tatsu-top-divider{z-index: 9999;}.tatsu-Sy-vaCE8iu .tatsu-section-overlay{mix-blend-mode: normal;}<\/style><\/div>\n","protected":false},"excerpt":{"rendered":"<p><a href=\"https:\/\/www.aevea.es\/anuario-2021\/estrella-diaz\/\" class=\"more-link style1-button\">Read More<\/a><\/p>","protected":false},"author":2,"featured_media":0,"parent":0,"menu_order":0,"comment_status":"closed","ping_status":"closed","template":"","meta":{"footnotes":""},"class_list":["post-772","page","type-page","status-publish","hentry"],"_links":{"self":[{"href":"https:\/\/www.aevea.es\/anuario-2021\/wp-json\/wp\/v2\/pages\/772","targetHints":{"allow":["GET"]}}],"collection":[{"href":"https:\/\/www.aevea.es\/anuario-2021\/wp-json\/wp\/v2\/pages"}],"about":[{"href":"https:\/\/www.aevea.es\/anuario-2021\/wp-json\/wp\/v2\/types\/page"}],"author":[{"embeddable":true,"href":"https:\/\/www.aevea.es\/anuario-2021\/wp-json\/wp\/v2\/users\/2"}],"replies":[{"embeddable":true,"href":"https:\/\/www.aevea.es\/anuario-2021\/wp-json\/wp\/v2\/comments?post=772"}],"version-history":[{"count":5,"href":"https:\/\/www.aevea.es\/anuario-2021\/wp-json\/wp\/v2\/pages\/772\/revisions"}],"predecessor-version":[{"id":914,"href":"https:\/\/www.aevea.es\/anuario-2021\/wp-json\/wp\/v2\/pages\/772\/revisions\/914"}],"wp:attachment":[{"href":"https:\/\/www.aevea.es\/anuario-2021\/wp-json\/wp\/v2\/media?parent=772"}],"curies":[{"name":"wp","href":"https:\/\/api.w.org\/{rel}","templated":true}]}}