{"id":776,"date":"2021-06-23T09:08:01","date_gmt":"2021-06-23T09:08:01","guid":{"rendered":"https:\/\/www.aevea.es\/anuario-2021\/?page_id=776"},"modified":"2021-06-28T11:08:49","modified_gmt":"2021-06-28T11:08:49","slug":"juancho-carnicer","status":"publish","type":"page","link":"https:\/\/www.aevea.es\/anuario-2021\/juancho-carnicer\/","title":{"rendered":"ART\u00cdCULO Juancho Carnicer"},"content":{"rendered":"<div  class=\"tatsu-Sy-vaCE8iu tatsu-section  tatsu-bg-overlay   tatsu-clearfix\" data-title=\"\"  data-headerscheme=\"background--dark\"><div class='tatsu-section-pad clearfix' data-padding='{\"d\":\"7px 0px 30px 0px\"}' data-padding-top='7px'><div class=\"tatsu-row-wrap  tatsu-wrap tatsu-row-has-two-cols tatsu-medium-gutter tatsu-reg-cols  tatsu-clearfix tatsu-HkeDAkrIou\" ><style>.tatsu-HkeDAkrIou.tatsu-row-wrap > .tatsu-row{padding: 30px 0px 30px 0px;background-color: rgba(255,255,255,1);}<\/style><div  class=\"tatsu-row \" ><div  class=\"tatsu-column  tatsu-bg-overlay tatsu-three-fourth tatsu-column-image-none tatsu-column-effect-none  tatsu-Byt0yBIsd\"  data-parallax-speed=\"0\" style=\"\"><div class=\"tatsu-column-inner \" ><div class=\"tatsu-column-pad-wrap\"><div class=\"tatsu-column-pad\" ><div  class=\"tatsu-single-image tatsu-module tatsu-image-lazyload tatsu-SyYBve0ou  \" ><div class=\"tatsu-single-image-inner \" style=\"width : 1180px;\" ><div class = \"tatsu-single-image-padding-wrap\" style = \"padding-bottom : 56.186440677966%;\" ><\/div><img class = \"tatsu-gradient-border\" alt = \"\" title = \"master-Juancho\" data-src = \"https:\/\/www.aevea.es\/anuario-2021\/wp-content\/uploads\/2021\/06\/master-Juancho.jpg\" src =\"data:image\/png;base64,iVBORw0KGgoAAAANSUhEUgAAAAEAAAABCAQAAAC1HAwCAAAAC0lEQVR42mNkYAAAAAYAAjCB0C8AAAAASUVORK5CYII=\"  \/><\/div><style>.tatsu-SyYBve0ou .tatsu-single-image-inner{border-style: solid;max-width: 100%;}.tatsu-SyYBve0ou.tatsu-single-image{transform: translate3d(0px,0px, 0);}<\/style><\/div><div  class=\"tatsu-empty-space  tatsu-SJ7Sxw0sO  \" ><style>.tatsu-SJ7Sxw0sO.tatsu-empty-space{height: 30px;}<\/style><\/div><div  class=\"tatsu-module tatsu-text-block-wrap tatsu-rJZdlb5jd  \"><div class=\"tatsu-text-inner tatsu-align-center  clearfix\" ><style>.tatsu-rJZdlb5jd.tatsu-text-block-wrap .tatsu-text-inner{width: 100%;text-align: left;padding: 0px 0px 30px 0px;}.tatsu-rJZdlb5jd.tatsu-text-block-wrap{margin: 0px 0px 0px 0px;}<\/style>\n<h4><span style=\"color: #d71f53;\">AEVEA, experiencia y talento<\/span><\/h4>\n<p>Personalmente formo parte de la Junta Directiva de AEVEA en sus dos \u00faltimos ejercicios, aunque la agencia que represento ha formado parte desde su fundaci\u00f3n. Desde su creaci\u00f3n, AEVEA ha trabajado de manera incesante en identificar las necesidades del sector y de sus asociados, para poner marcha iniciativas y proyectos que consigan dar respuesta a esas necesidades y consoliden el sector en el lugar que se merece. Se han creado comisiones de trabajo que abordan todos los aspectos claves del desempe\u00f1o diario, de su reconocimiento y consolidaci\u00f3n, y de la relaci\u00f3n con clientes y partners. Para cualquier compa\u00f1\u00eda del sector, ser miembro de AEVEA debe suponer un orgullo, haciendo suyos los objetivos de la asociaci\u00f3n y trabajando en un inter\u00e9s com\u00fan y colectivo como sector. Creo que el valor de AEVEA est\u00e1 en que entre todos los directivos y asociados, se acumula experiencia y talento suficiente como para liderar cualquier iniciativa que suponga un crecimiento y consolidaci\u00f3n del sector, como uno de los m\u00e1s relevantes en el entorno socioecon\u00f3mico. Como socio de SUMMER, y en representaci\u00f3n del resto de socios, ser miembro activo de AEVEA supone, no solo un orgullo, sino una declaraci\u00f3n de intenciones en aportar iniciativas y propuestas solidas que ayuden al sector, uniendo esfuerzos con el resto de empresas implicadas y con las que compartimos intereses.<\/p>\n<\/div><\/div><\/div><\/div><div class = \"tatsu-column-bg-image-wrap\"><div class = \"tatsu-column-bg-image\" ><\/div><\/div><div class=\"tatsu-overlay tatsu-column-overlay tatsu-animate-none\" ><\/div><\/div><style>.tatsu-row > .tatsu-Byt0yBIsd.tatsu-column{width: 60%;}.tatsu-Byt0yBIsd.tatsu-column > .tatsu-column-inner > .tatsu-column-overlay{mix-blend-mode: normal;}.tatsu-Byt0yBIsd > .tatsu-column-inner > .tatsu-top-divider{z-index: 9999;}.tatsu-Byt0yBIsd > .tatsu-column-inner > .tatsu-bottom-divider{z-index: 9999;}.tatsu-Byt0yBIsd > .tatsu-column-inner > .tatsu-left-divider{z-index: 9999;}.tatsu-Byt0yBIsd > .tatsu-column-inner > .tatsu-right-divider{z-index: 9999;}@media only screen and (max-width:1377px) {.tatsu-row > .tatsu-Byt0yBIsd.tatsu-column{width: 60%;}}@media only screen and (min-width:768px) and (max-width: 1024px) {.tatsu-row > .tatsu-Byt0yBIsd.tatsu-column{width: 75%;}}@media only screen and (max-width: 767px) {.tatsu-row > .tatsu-Byt0yBIsd.tatsu-column{width: 100%;}}<\/style><\/div><div  class=\"tatsu-column  tatsu-bg-overlay tatsu-one-fourth tatsu-column-image-none tatsu-column-effect-none  tatsu-SJgFR1BIid\"  data-parallax-speed=\"0\" style=\"\"><div class=\"tatsu-column-inner \" ><div class=\"tatsu-column-pad-wrap\"><div class=\"tatsu-column-pad\" ><div  class=\"tatsu-module tatsu-video tatsu-vimeo-wrap tatsu-S1UPomCjd   \" ><div class = \"be-video-embed be-embed-placeholder\"><div class = \"be-vimeo-embed\" data-video-url = \"https:\/\/player.vimeo.com\/video\/477083582\" data-autoplay = \"1\" data-loop = \"1\" data-muted = \"0\" ><\/div><\/div><\/div><div  class=\"tatsu-single-image tatsu-module align-center tatsu-image-lazyload tatsu-rJ8xeb9ju  \" ><div class=\"tatsu-single-image-inner \" style=\"width : 770px;\" ><div class = \"tatsu-single-image-padding-wrap\" style = \"padding-bottom : 185.97402597403%;\" ><\/div><a href = \"www.lifegourmetcatering.es\" target = \"_blank\" ><img class = \"tatsu-gradient-border\" alt = \"\" title = \"Life gourmet\" data-src = \"https:\/\/www.aevea.es\/anuario-2021\/wp-content\/uploads\/2021\/06\/Life-gourmet.jpg\" src =\"data:image\/png;base64,iVBORw0KGgoAAAANSUhEUgAAAAEAAAABCAQAAAC1HAwCAAAAC0lEQVR42mNkYAAAAAYAAjCB0C8AAAAASUVORK5CYII=\"  \/><\/a><\/div><style>.tatsu-rJ8xeb9ju .tatsu-single-image-inner{border-style: solid;max-width: 80%;}.tatsu-rJ8xeb9ju.tatsu-single-image{transform: translate3d(0px,0px, 0);}<\/style><\/div><div  class=\"tatsu-empty-space  tatsu-ByCGhmRju  \" ><style>.tatsu-ByCGhmRju.tatsu-empty-space{height: 30px;}<\/style><\/div><\/div><\/div><div class = \"tatsu-column-bg-image-wrap\"><div class = \"tatsu-column-bg-image\" ><\/div><\/div><div class=\"tatsu-overlay tatsu-column-overlay tatsu-animate-none\" ><\/div><\/div><style>.tatsu-row > .tatsu-SJgFR1BIid.tatsu-column{width: 40%;}.tatsu-SJgFR1BIid.tatsu-column > .tatsu-column-inner > .tatsu-column-overlay{mix-blend-mode: normal;}.tatsu-SJgFR1BIid > .tatsu-column-inner > .tatsu-top-divider{z-index: 9999;}.tatsu-SJgFR1BIid > .tatsu-column-inner > .tatsu-bottom-divider{z-index: 9999;}.tatsu-SJgFR1BIid > .tatsu-column-inner > .tatsu-left-divider{z-index: 9999;}.tatsu-SJgFR1BIid > .tatsu-column-inner > .tatsu-right-divider{z-index: 9999;}@media only screen and (max-width:1377px) {.tatsu-row > .tatsu-SJgFR1BIid.tatsu-column{width: 40%;}}@media only screen and (min-width:768px) and (max-width: 1024px) {.tatsu-row > .tatsu-SJgFR1BIid.tatsu-column{width: 25%;}}@media only screen and (max-width: 767px) {.tatsu-row > .tatsu-SJgFR1BIid.tatsu-column{width: 100%;}}<\/style><\/div><\/div><\/div><\/div><div class=\"tatsu-section-background-wrap\"><div class = \"tatsu-section-background\" ><\/div><\/div><div class=\"tatsu-overlay tatsu-section-overlay\"><\/div><div class = \"tatsu-shape-divider tatsu-bottom-divider\"><svg preserveAspectRatio = \"none\" xmlns=\"http:\/\/www.w3.org\/2000\/svg\" width=\"1920\" height=\"217\" viewBox=\"0 0 1920 217\">\r\n  <g fill-rule=\"evenodd\" transform=\"matrix(-1 0 0 1 1920 0)\">\r\n    <path d=\"M0,57.46875 C203.364583,135.217754 494.835938,156.564108 874.414062,121.507813 C1192.61198,-13.9827666 1541.14063,-35.3291208 1920,57.46875 L1920,207 L0,207 L0,57.46875 Z\" opacity=\".3\"\/>\r\n    <path d=\"M0,79 C292.46875,165.453125 612.46875,165.453125 960,79 C1307.53125,-7.453125 1627.53125,-7.453125 1920,79 L1920,207 L0,207 L0,79 Z\" opacity=\".6\"\/>\r\n    <path d=\"M0,89 C288.713542,146.786458 608.713542,146.786458 960,89 C1311.28646,31.2135417 1631.28646,31.2135417 1920,89 L1920,217 L0,217 L0,89 Z\"\/>\r\n  <\/g>\r\n<\/svg>\r\n<\/div><style>.tatsu-Sy-vaCE8iu .tatsu-section-pad{padding: 7px 0px 30px 0px;}.tatsu-Sy-vaCE8iu .tatsu-section-offset-wrap{transform: translateY(-0px);}.tatsu-Sy-vaCE8iu > .tatsu-bottom-divider{height: 100px;color: #ffffff ;z-index: 9999;}.tatsu-Sy-vaCE8iu > .tatsu-top-divider{z-index: 9999;}.tatsu-Sy-vaCE8iu .tatsu-section-overlay{mix-blend-mode: normal;}<\/style><\/div>\n","protected":false},"excerpt":{"rendered":"<p><a href=\"https:\/\/www.aevea.es\/anuario-2021\/juancho-carnicer\/\" class=\"more-link style1-button\">Read More<\/a><\/p>","protected":false},"author":2,"featured_media":0,"parent":0,"menu_order":0,"comment_status":"closed","ping_status":"closed","template":"","meta":{"footnotes":""},"class_list":["post-776","page","type-page","status-publish","hentry"],"_links":{"self":[{"href":"https:\/\/www.aevea.es\/anuario-2021\/wp-json\/wp\/v2\/pages\/776","targetHints":{"allow":["GET"]}}],"collection":[{"href":"https:\/\/www.aevea.es\/anuario-2021\/wp-json\/wp\/v2\/pages"}],"about":[{"href":"https:\/\/www.aevea.es\/anuario-2021\/wp-json\/wp\/v2\/types\/page"}],"author":[{"embeddable":true,"href":"https:\/\/www.aevea.es\/anuario-2021\/wp-json\/wp\/v2\/users\/2"}],"replies":[{"embeddable":true,"href":"https:\/\/www.aevea.es\/anuario-2021\/wp-json\/wp\/v2\/comments?post=776"}],"version-history":[{"count":5,"href":"https:\/\/www.aevea.es\/anuario-2021\/wp-json\/wp\/v2\/pages\/776\/revisions"}],"predecessor-version":[{"id":885,"href":"https:\/\/www.aevea.es\/anuario-2021\/wp-json\/wp\/v2\/pages\/776\/revisions\/885"}],"wp:attachment":[{"href":"https:\/\/www.aevea.es\/anuario-2021\/wp-json\/wp\/v2\/media?parent=776"}],"curies":[{"name":"wp","href":"https:\/\/api.w.org\/{rel}","templated":true}]}}